{"id":802,"date":"2026-02-19T14:10:10","date_gmt":"2026-02-19T13:10:10","guid":{"rendered":"https:\/\/laubette.com\/praktische-infos\/"},"modified":"2026-03-05T15:12:54","modified_gmt":"2026-03-05T14:12:54","slug":"praktische-infos","status":"publish","type":"page","link":"https:\/\/laubette.com\/de\/praktische-infos\/","title":{"rendered":"Praktische Infos"},"content":{"rendered":"\n<section class=\"listing-items_block sep-none bg-none\">\n\n    <div class=\"container\">\n        <div class=\"row pad-80\">\n            <div class=\"col\">\n                                    <div class=\"block-header txtalign-center \">\n                                                    <h2 class=\"primary-title\" >Wie komme ich zu der Aubette Shopping ?<\/h2>\n                        \n                                                    <div class=\"block-text\" style=\"color: ;\">\n                                <p>Aubette Shopping befindet sich am ber\u00fchmten Place Kl\u00e9ber im Stadtkern von Stra\u00dfburg.<\/p>\n<p>&nbsp;<\/p>\n<div class=\"zone-map\"><iframe loading=\"lazy\" style=\"border: 0;\" src=\"https:\/\/www.google.com\/maps\/embed?pb=!1m18!1m12!1m3!1d1078.1255017809062!2d7.744553147303864!3d48.58367789404605!2m3!1f0!2f0!3f0!3m2!1i1024!2i768!4f13.1!3m3!1m2!1s0x4796c84de53e4543%3A0x743c185430cfef6a!2sL'Aubette%20Shopping!5e0!3m2!1sfr!2sfr!4v1772460571044!5m2!1sfr!2sfr\" width=\"900\" height=\"450\" allowfullscreen=\"allowfullscreen\"><span style=\"display: inline-block; width: 0px; overflow: hidden; line-height: 0;\" data-mce-type=\"bookmark\" class=\"mce_SELRES_start\"><\/span><\/iframe><\/div>\n                            <\/div>\n                        \n                                            <\/div>\n                \n                                    <div class=\"custom-items-grid items-grid gap-20\" \n                        style=\"--cols: 3; --gap: 20px;\">\n                                                    <div class=\"item-wrapper\">\n                                <div class=\"item noclick\" style=\"min-height:0px;\">\n                                    <div class=\"item-content\">\n                                        <div class=\"flex-content\">\n                                                                                            <img decoding=\"async\" src=\"https:\/\/laubette.com\/wp-content\/uploads\/2026\/03\/icones_voiture-rond.svg\" class=\"item-icone\">\n                                                                                                                                        <h3 class=\"item-title\">Mit dem Auto<\/h3>\n                                                                                                                                        <div class=\"item-desc\"><p>Die <strong>A35 \u00fcber die Ausfahrt Nr. 2 verlassen<\/strong> (Place des Halles)<br \/>\nbzw. \u00fcber die <strong>Ausfahrt Nr. 51<\/strong> (Strasbourg Centre), und dann Richtung<br \/>\nPlace Kl\u00e9ber<br \/>\n<strong> <br \/>Parkhaus INDIGO Kl\u00e9ber<\/strong> (465 Pl\u00e4tze) | t\u00e4glich rund um die Uhr<\/p>\n<\/div>\n                                                                                    <\/div>\n                                    <\/div>\n                                <\/div>\n                            <\/div>\n                                                    <div class=\"item-wrapper\">\n                                <div class=\"item noclick\" style=\"min-height:0px;\">\n                                    <div class=\"item-content\">\n                                        <div class=\"flex-content\">\n                                                                                            <img decoding=\"async\" src=\"https:\/\/laubette.com\/wp-content\/uploads\/2026\/03\/icones_bus-rond.svg\" class=\"item-icone\">\n                                                                                                                                        <h3 class=\"item-title\">Mit \u00f6ffentlichen Verkehrsmitteln<\/h3>\n                                                                                                                                        <div class=\"item-desc\"><p><strong>Stra\u00dfenbahn:<\/strong><br \/>\nA, B, C oder D, Haltestelle L&#8217;Homme de Fer<\/p>\n<p><strong>Bus:<br \/>\nL<\/strong>inien 4 und 6, Haltestelle Les Halles-Pont de Paris<\/p>\n<\/div>\n                                                                                    <\/div>\n                                    <\/div>\n                                <\/div>\n                            <\/div>\n                                                    <div class=\"item-wrapper\">\n                                <div class=\"item noclick\" style=\"min-height:0px;\">\n                                    <div class=\"item-content\">\n                                        <div class=\"flex-content\">\n                                                                                            <img decoding=\"async\" src=\"https:\/\/laubette.com\/wp-content\/uploads\/2026\/03\/icones_velo-rond.svg\" class=\"item-icone\">\n                                                                                                                                        <h3 class=\"item-title\">Mit dem Fahrrad<\/h3>\n                                                                                                                                        <div class=\"item-desc\"><p>Fahrrad-Parkhaus Place Kl\u00e9ber, Fahrradst\u00e4nder auch in der Aubette Shopping<\/p>\n<\/div>\n                                                                                    <\/div>\n                                    <\/div>\n                                <\/div>\n                            <\/div>\n                                            <\/div>\n\n                \n                            <\/div>\n        <\/div>\n    <\/div>\n    \n<\/section>\n\n\n\n\n<div class=\"content_block bg-white\">\n    <div class=\"container\">\n        <div class=\"row pad-80\">\n            <div class=\"col col-12 col-md-12 txtalign-center \">\n                                                    <h2 class=\"primary-title titrealign-center\">\u00d6ffnungszeiten<\/h2>\n                                                    <p><strong>\u00d6ffnungszeiten der Einkaufspassage:<br \/>\n<\/strong>Von Montag bis Samstag von 10 bis 20 Uhr<\/p>\n<p><strong>An folgenden Feiertagen ist die Einkaufspassage geschlossen:<\/strong><br \/>\n1. Januar, Karfreitag, Ostermontag, 1. Mai, 8. Mai, Christi Himmelfahrt, Pfingsten, 14. Juli, Maria Himmelfahrt, 1. November, 11. November, 25. und 26. Dezember<\/p>\n                                                            <\/div>\n        <\/div>\n    <\/div>\n<\/div>\n\n\n\n<div class=\"content_block bg-gray\">\n    <div class=\"container\">\n        <div class=\"row pad-80\">\n            <div class=\"col col-12 col-md-8 mx-auto txtalign-center \">\n                                    <div class=\"illustration-wrapper illus-center\"><\/div>\n                                                    <h2 class=\"primary-title titrealign-center\">Lageplan<\/h2>\n                                                                                        <img decoding=\"async\" src=\"https:\/\/laubette.com\/wp-content\/uploads\/2026\/02\/Plan-Aubette-1.jpg\" alt=\"\" style=\"\">\n                                            <\/div>\n        <\/div>\n    <\/div>\n<\/div>","protected":false},"excerpt":{"rendered":"","protected":false},"author":1,"featured_media":0,"parent":0,"menu_order":0,"comment_status":"closed","ping_status":"closed","template":"","meta":{"_acf_changed":false,"footnotes":""},"class_list":["post-802","page","type-page","status-publish","hentry"],"acf":[],"yoast_head":"<!-- This site is optimized with the Yoast SEO plugin v27.3 - https:\/\/yoast.com\/product\/yoast-seo-wordpress\/ -->\n<title>Praktische Infos - L&#039;Aubette Shopping Einkaufszentrum in Stra\u00dfburg<\/title>\n<meta name=\"description\" content=\"Gesch\u00e4fte &amp; Restaurants im Aubette Shopping Entdecken Sie die Geschichte unseres Einkaufszentrums im Herzen von Stra\u00dfburg!\" \/>\n<meta name=\"robots\" content=\"index, follow, max-snippet:-1, max-image-preview:large, max-video-preview:-1\" \/>\n<link rel=\"canonical\" href=\"https:\/\/laubette.com\/de\/praktische-infos\/\" \/>\n<meta property=\"og:locale\" content=\"de_DE\" \/>\n<meta property=\"og:type\" content=\"article\" \/>\n<meta property=\"og:title\" content=\"Praktische Infos - L&#039;Aubette Shopping Einkaufszentrum in Stra\u00dfburg\" \/>\n<meta property=\"og:description\" content=\"Gesch\u00e4fte &amp; Restaurants im Aubette Shopping Entdecken Sie die Geschichte unseres Einkaufszentrums im Herzen von Stra\u00dfburg!\" \/>\n<meta property=\"og:url\" content=\"https:\/\/laubette.com\/de\/praktische-infos\/\" \/>\n<meta property=\"og:site_name\" content=\"L&#039;Aubette Shopping\" \/>\n<meta property=\"article:publisher\" content=\"https:\/\/www.facebook.com\/laubetteshopping\/\" \/>\n<meta property=\"article:modified_time\" content=\"2026-03-05T14:12:54+00:00\" \/>\n<meta name=\"twitter:card\" content=\"summary_large_image\" \/>\n<script type=\"application\/ld+json\" class=\"yoast-schema-graph\">{\"@context\":\"https:\\\/\\\/schema.org\",\"@graph\":[{\"@type\":\"WebPage\",\"@id\":\"https:\\\/\\\/laubette.com\\\/de\\\/praktische-infos\\\/\",\"url\":\"https:\\\/\\\/laubette.com\\\/de\\\/praktische-infos\\\/\",\"name\":\"Praktische Infos - L&#039;Aubette Shopping Einkaufszentrum in Stra\u00dfburg\",\"isPartOf\":{\"@id\":\"https:\\\/\\\/laubette.com\\\/#website\"},\"datePublished\":\"2026-02-19T13:10:10+00:00\",\"dateModified\":\"2026-03-05T14:12:54+00:00\",\"description\":\"Gesch\u00e4fte & Restaurants im Aubette Shopping Entdecken Sie die Geschichte unseres Einkaufszentrums im Herzen von Stra\u00dfburg!\",\"breadcrumb\":{\"@id\":\"https:\\\/\\\/laubette.com\\\/de\\\/praktische-infos\\\/#breadcrumb\"},\"inLanguage\":\"de\",\"potentialAction\":[{\"@type\":\"ReadAction\",\"target\":[\"https:\\\/\\\/laubette.com\\\/de\\\/praktische-infos\\\/\"]}]},{\"@type\":\"BreadcrumbList\",\"@id\":\"https:\\\/\\\/laubette.com\\\/de\\\/praktische-infos\\\/#breadcrumb\",\"itemListElement\":[{\"@type\":\"ListItem\",\"position\":1,\"name\":\"Accueil\",\"item\":\"https:\\\/\\\/laubette.com\\\/de\\\/\"},{\"@type\":\"ListItem\",\"position\":2,\"name\":\"Praktische Infos\"}]},{\"@type\":\"WebSite\",\"@id\":\"https:\\\/\\\/laubette.com\\\/#website\",\"url\":\"https:\\\/\\\/laubette.com\\\/\",\"name\":\"L'Aubette\",\"description\":\"\",\"publisher\":{\"@id\":\"https:\\\/\\\/laubette.com\\\/#organization\"},\"potentialAction\":[{\"@type\":\"SearchAction\",\"target\":{\"@type\":\"EntryPoint\",\"urlTemplate\":\"https:\\\/\\\/laubette.com\\\/?s={search_term_string}\"},\"query-input\":{\"@type\":\"PropertyValueSpecification\",\"valueRequired\":true,\"valueName\":\"search_term_string\"}}],\"inLanguage\":\"de\"},{\"@type\":\"Organization\",\"@id\":\"https:\\\/\\\/laubette.com\\\/#organization\",\"name\":\"L'Aubette\",\"url\":\"https:\\\/\\\/laubette.com\\\/\",\"logo\":{\"@type\":\"ImageObject\",\"inLanguage\":\"de\",\"@id\":\"https:\\\/\\\/laubette.com\\\/#\\\/schema\\\/logo\\\/image\\\/\",\"url\":\"https:\\\/\\\/laubette.com\\\/wp-content\\\/uploads\\\/2026\\\/03\\\/logo-laubette.svg\",\"contentUrl\":\"https:\\\/\\\/laubette.com\\\/wp-content\\\/uploads\\\/2026\\\/03\\\/logo-laubette.svg\",\"width\":190,\"height\":106,\"caption\":\"L'Aubette\"},\"image\":{\"@id\":\"https:\\\/\\\/laubette.com\\\/#\\\/schema\\\/logo\\\/image\\\/\"},\"sameAs\":[\"https:\\\/\\\/www.facebook.com\\\/laubetteshopping\\\/\"]}]}<\/script>\n<!-- \/ Yoast SEO plugin. -->","yoast_head_json":{"title":"Praktische Infos - L&#039;Aubette Shopping Einkaufszentrum in Stra\u00dfburg","description":"Gesch\u00e4fte & Restaurants im Aubette Shopping Entdecken Sie die Geschichte unseres Einkaufszentrums im Herzen von Stra\u00dfburg!","robots":{"index":"index","follow":"follow","max-snippet":"max-snippet:-1","max-image-preview":"max-image-preview:large","max-video-preview":"max-video-preview:-1"},"canonical":"https:\/\/laubette.com\/de\/praktische-infos\/","og_locale":"de_DE","og_type":"article","og_title":"Praktische Infos - L&#039;Aubette Shopping Einkaufszentrum in Stra\u00dfburg","og_description":"Gesch\u00e4fte & Restaurants im Aubette Shopping Entdecken Sie die Geschichte unseres Einkaufszentrums im Herzen von Stra\u00dfburg!","og_url":"https:\/\/laubette.com\/de\/praktische-infos\/","og_site_name":"L&#039;Aubette Shopping","article_publisher":"https:\/\/www.facebook.com\/laubetteshopping\/","article_modified_time":"2026-03-05T14:12:54+00:00","twitter_card":"summary_large_image","schema":{"@context":"https:\/\/schema.org","@graph":[{"@type":"WebPage","@id":"https:\/\/laubette.com\/de\/praktische-infos\/","url":"https:\/\/laubette.com\/de\/praktische-infos\/","name":"Praktische Infos - L&#039;Aubette Shopping Einkaufszentrum in Stra\u00dfburg","isPartOf":{"@id":"https:\/\/laubette.com\/#website"},"datePublished":"2026-02-19T13:10:10+00:00","dateModified":"2026-03-05T14:12:54+00:00","description":"Gesch\u00e4fte & Restaurants im Aubette Shopping Entdecken Sie die Geschichte unseres Einkaufszentrums im Herzen von Stra\u00dfburg!","breadcrumb":{"@id":"https:\/\/laubette.com\/de\/praktische-infos\/#breadcrumb"},"inLanguage":"de","potentialAction":[{"@type":"ReadAction","target":["https:\/\/laubette.com\/de\/praktische-infos\/"]}]},{"@type":"BreadcrumbList","@id":"https:\/\/laubette.com\/de\/praktische-infos\/#breadcrumb","itemListElement":[{"@type":"ListItem","position":1,"name":"Accueil","item":"https:\/\/laubette.com\/de\/"},{"@type":"ListItem","position":2,"name":"Praktische Infos"}]},{"@type":"WebSite","@id":"https:\/\/laubette.com\/#website","url":"https:\/\/laubette.com\/","name":"L'Aubette","description":"","publisher":{"@id":"https:\/\/laubette.com\/#organization"},"potentialAction":[{"@type":"SearchAction","target":{"@type":"EntryPoint","urlTemplate":"https:\/\/laubette.com\/?s={search_term_string}"},"query-input":{"@type":"PropertyValueSpecification","valueRequired":true,"valueName":"search_term_string"}}],"inLanguage":"de"},{"@type":"Organization","@id":"https:\/\/laubette.com\/#organization","name":"L'Aubette","url":"https:\/\/laubette.com\/","logo":{"@type":"ImageObject","inLanguage":"de","@id":"https:\/\/laubette.com\/#\/schema\/logo\/image\/","url":"https:\/\/laubette.com\/wp-content\/uploads\/2026\/03\/logo-laubette.svg","contentUrl":"https:\/\/laubette.com\/wp-content\/uploads\/2026\/03\/logo-laubette.svg","width":190,"height":106,"caption":"L'Aubette"},"image":{"@id":"https:\/\/laubette.com\/#\/schema\/logo\/image\/"},"sameAs":["https:\/\/www.facebook.com\/laubetteshopping\/"]}]}},"_links":{"self":[{"href":"https:\/\/laubette.com\/de\/wp-json\/wp\/v2\/pages\/802","targetHints":{"allow":["GET"]}}],"collection":[{"href":"https:\/\/laubette.com\/de\/wp-json\/wp\/v2\/pages"}],"about":[{"href":"https:\/\/laubette.com\/de\/wp-json\/wp\/v2\/types\/page"}],"author":[{"embeddable":true,"href":"https:\/\/laubette.com\/de\/wp-json\/wp\/v2\/users\/1"}],"replies":[{"embeddable":true,"href":"https:\/\/laubette.com\/de\/wp-json\/wp\/v2\/comments?post=802"}],"version-history":[{"count":2,"href":"https:\/\/laubette.com\/de\/wp-json\/wp\/v2\/pages\/802\/revisions"}],"predecessor-version":[{"id":870,"href":"https:\/\/laubette.com\/de\/wp-json\/wp\/v2\/pages\/802\/revisions\/870"}],"wp:attachment":[{"href":"https:\/\/laubette.com\/de\/wp-json\/wp\/v2\/media?parent=802"}],"curies":[{"name":"wp","href":"https:\/\/api.w.org\/{rel}","templated":true}]}}