{"id":800,"date":"2026-02-19T14:10:25","date_gmt":"2026-02-19T13:10:25","guid":{"rendered":"https:\/\/laubette.com\/kontakt\/"},"modified":"2026-03-05T15:12:21","modified_gmt":"2026-03-05T14:12:21","slug":"kontakt","status":"publish","type":"page","link":"https:\/\/laubette.com\/de\/kontakt\/","title":{"rendered":"Kontakt"},"content":{"rendered":"<div class=\"container\"><div class=\"row-gutenberg\">\n<div class=\"wp-block-columns is-layout-flex wp-container-core-columns-is-layout-9d6595d7 wp-block-columns-is-layout-flex\">\n<div class=\"wp-block-column is-layout-flow wp-block-column-is-layout-flow\">\n<div style=\"height:80px\" aria-hidden=\"true\" class=\"wp-block-spacer\"><\/div>\n\n\n\n<div class=\"wp-block-contact-form-7-contact-form-selector\">\n<div class=\"wpcf7 no-js\" id=\"wpcf7-f886-o1\" lang=\"de-DE\" dir=\"ltr\" data-wpcf7-id=\"886\">\n<div class=\"screen-reader-response\"><p role=\"status\" aria-live=\"polite\" aria-atomic=\"true\"><\/p> <ul><\/ul><\/div>\n<form action=\"\/de\/wp-json\/wp\/v2\/pages\/800#wpcf7-f886-o1\" method=\"post\" class=\"wpcf7-form init\" aria-label=\"Kontaktformular\" novalidate=\"novalidate\" data-status=\"init\">\n<fieldset class=\"hidden-fields-container\"><input type=\"hidden\" name=\"_wpcf7\" value=\"886\" \/><input type=\"hidden\" name=\"_wpcf7_version\" value=\"6.1.5\" \/><input type=\"hidden\" name=\"_wpcf7_locale\" value=\"de_DE\" \/><input type=\"hidden\" name=\"_wpcf7_unit_tag\" value=\"wpcf7-f886-o1\" \/><input type=\"hidden\" name=\"_wpcf7_container_post\" value=\"0\" \/><input type=\"hidden\" name=\"_wpcf7_posted_data_hash\" value=\"\" \/>\n<\/fieldset>\n<div class=\"myContactForm\">\n\t<div class=\"w50 field\">\n\t\t<p><label><span class=\"floating-label\">Vorname*<\/span><br \/>\n<span class=\"wpcf7-form-control-wrap\" data-name=\"your-firstname\"><input size=\"40\" maxlength=\"400\" class=\"wpcf7-form-control wpcf7-text wpcf7-validates-as-required\" autocomplete=\"name\" aria-required=\"true\" aria-invalid=\"false\" value=\"\" type=\"text\" name=\"your-firstname\" \/><\/span> <\/label>\n\t\t<\/p>\n\t<\/div>\n\t<div class=\"w50 field\">\n\t\t<p><label><span class=\"floating-label\">Name*<\/span><br \/>\n<span class=\"wpcf7-form-control-wrap\" data-name=\"your-name\"><input size=\"40\" maxlength=\"400\" class=\"wpcf7-form-control wpcf7-text wpcf7-validates-as-required\" autocomplete=\"firstname\" aria-required=\"true\" aria-invalid=\"false\" value=\"\" type=\"text\" name=\"your-name\" \/><\/span> <\/label>\n\t\t<\/p>\n\t<\/div>\n\t<div class=\"w50 field\">\n\t\t<p><label><span class=\"floating-label\">E-mail*<\/span><br \/>\n<span class=\"wpcf7-form-control-wrap\" data-name=\"your-email\"><input size=\"40\" maxlength=\"400\" class=\"wpcf7-form-control wpcf7-email wpcf7-validates-as-required wpcf7-text wpcf7-validates-as-email\" autocomplete=\"email\" aria-required=\"true\" aria-invalid=\"false\" value=\"\" type=\"email\" name=\"your-email\" \/><\/span> <\/label>\n\t\t<\/p>\n\t<\/div>\n\t<div class=\"w50 field\">\n\t\t<p><label><span class=\"floating-label\">Telefonnummer*<\/span><br \/>\n<span class=\"wpcf7-form-control-wrap\" data-name=\"tel-391\"><input size=\"40\" maxlength=\"400\" class=\"wpcf7-form-control wpcf7-tel wpcf7-validates-as-required wpcf7-text wpcf7-validates-as-tel\" autocomplete=\"tel\" aria-required=\"true\" aria-invalid=\"false\" value=\"\" type=\"tel\" name=\"tel-391\" \/><\/span> <\/label>\n\t\t<\/p>\n\t<\/div>\n\t<div class=\"w100 field\">\n\t\t<p><label><span class=\"floating-label\">Betreff*<\/span><br \/>\n<span class=\"wpcf7-form-control-wrap\" data-name=\"object\"><input size=\"40\" maxlength=\"400\" class=\"wpcf7-form-control wpcf7-text wpcf7-validates-as-required\" aria-required=\"true\" aria-invalid=\"false\" value=\"\" type=\"text\" name=\"object\" \/><\/span> <\/label>\n\t\t<\/p>\n\t<\/div>\n\t<div class=\"w100 field\">\n\t\t<p><label><span class=\"floating-label\">Nachricht*<\/span><br \/>\n<span class=\"wpcf7-form-control-wrap\" data-name=\"your-message\"><textarea cols=\"40\" rows=\"5\" maxlength=\"2000\" class=\"wpcf7-form-control wpcf7-textarea wpcf7-validates-as-required\" aria-required=\"true\" aria-invalid=\"false\" name=\"your-message\"><\/textarea><\/span> <\/label>\n\t\t<\/p>\n\t<\/div>\n\t<div class=\"w100 field\">\n\t\t<p><span class=\"wpcf7-form-control-wrap\" data-name=\"acceptance-2\"><span class=\"wpcf7-form-control wpcf7-acceptance\"><span class=\"wpcf7-list-item\"><label><input type=\"checkbox\" name=\"acceptance-2\" value=\"1\" aria-invalid=\"false\" \/><span class=\"wpcf7-list-item-label\">Ich erkl\u00e4re mich mit der <a href=\"\/de\/datenschutzpolitik\/\" target=\"_blank\">Datenschutzpolitik einverstanden<\/a>.<\/span><\/label><\/span><\/span><\/span><br \/>\n\t\t<div class=\"wpcf7-turnstile cf-turnstile\" data-sitekey=\"0x4AAAAAACx-SAF_wlbse_8Y\" data-response-field-name=\"_wpcf7_turnstile_response\" data-appearance=\"interaction-only\"><\/div>\n\t\t<\/p>\n\t<\/div>\n\t<p><input class=\"wpcf7-form-control wpcf7-submit has-spinner btn-1\" type=\"submit\" value=\"Senden\" \/>\n\t<\/p>\n<\/div><div class=\"wpcf7-response-output\" aria-hidden=\"true\"><\/div>\n<\/form>\n<\/div>\n<\/div>\n\n\n\n<div style=\"height:80px\" aria-hidden=\"true\" class=\"wp-block-spacer\"><\/div>\n<\/div>\n<\/div>\n<\/div><\/div><div class=\"container\"><div class=\"row-gutenberg\">\n<p><strong>Hinweis zu personenbezogenen Daten:<\/strong> Im Zuge der notariellen T\u00e4tigkeit und im Kontakt zu seinen Kunden und Interessenten ist das L&#8217;aubette dazu angehalten, einige Kundendaten zu sammeln. Diese Daten werden an das Sekretariat sowie an die mit der jeweiligen Akte betrauten Personen \u00fcbermittelt.<\/p>\n<\/div><\/div>\n<div style=\"height:80px\" aria-hidden=\"true\" class=\"wp-block-spacer\"><\/div>\n","protected":false},"excerpt":{"rendered":"<p>Hinweis zu personenbezogenen Daten: Im Zuge der notariellen T\u00e4tigkeit und im Kontakt zu seinen Kunden und Interessenten ist das L&#8217;aubette dazu angehalten, einige Kundendaten zu sammeln. Diese Daten werden an das Sekretariat sowie an die mit der jeweiligen Akte betrauten Personen \u00fcbermittelt.<\/p>\n","protected":false},"author":1,"featured_media":0,"parent":0,"menu_order":0,"comment_status":"closed","ping_status":"closed","template":"","meta":{"_acf_changed":false,"footnotes":""},"class_list":["post-800","page","type-page","status-publish","hentry"],"acf":[],"yoast_head":"<!-- This site is optimized with the Yoast SEO plugin v27.3 - https:\/\/yoast.com\/product\/yoast-seo-wordpress\/ -->\n<title>Kontakt - L&#039;Aubette Shopping Einkaufszentrum in Stra\u00dfburg<\/title>\n<meta name=\"description\" content=\"Gesch\u00e4fte &amp; Restaurants im Aubette Shopping Entdecken Sie die Geschichte unseres Einkaufszentrums im Herzen von Stra\u00dfburg!\" \/>\n<meta name=\"robots\" content=\"index, follow, max-snippet:-1, max-image-preview:large, max-video-preview:-1\" \/>\n<link rel=\"canonical\" href=\"https:\/\/laubette.com\/de\/kontakt\/\" \/>\n<meta property=\"og:locale\" content=\"de_DE\" \/>\n<meta property=\"og:type\" content=\"article\" \/>\n<meta property=\"og:title\" content=\"Kontakt - L&#039;Aubette Shopping Einkaufszentrum in Stra\u00dfburg\" \/>\n<meta property=\"og:description\" content=\"Gesch\u00e4fte &amp; Restaurants im Aubette Shopping Entdecken Sie die Geschichte unseres Einkaufszentrums im Herzen von Stra\u00dfburg!\" \/>\n<meta property=\"og:url\" content=\"https:\/\/laubette.com\/de\/kontakt\/\" \/>\n<meta property=\"og:site_name\" content=\"L&#039;Aubette Shopping\" \/>\n<meta property=\"article:publisher\" content=\"https:\/\/www.facebook.com\/laubetteshopping\/\" \/>\n<meta property=\"article:modified_time\" content=\"2026-03-05T14:12:21+00:00\" \/>\n<meta name=\"twitter:card\" content=\"summary_large_image\" \/>\n<meta name=\"twitter:label1\" content=\"Gesch\u00e4tzte Lesezeit\" \/>\n\t<meta name=\"twitter:data1\" content=\"1\u00a0Minute\" \/>\n<script type=\"application\/ld+json\" class=\"yoast-schema-graph\">{\"@context\":\"https:\\\/\\\/schema.org\",\"@graph\":[{\"@type\":\"WebPage\",\"@id\":\"https:\\\/\\\/laubette.com\\\/de\\\/kontakt\\\/\",\"url\":\"https:\\\/\\\/laubette.com\\\/de\\\/kontakt\\\/\",\"name\":\"Kontakt - L&#039;Aubette Shopping Einkaufszentrum in Stra\u00dfburg\",\"isPartOf\":{\"@id\":\"https:\\\/\\\/laubette.com\\\/#website\"},\"datePublished\":\"2026-02-19T13:10:25+00:00\",\"dateModified\":\"2026-03-05T14:12:21+00:00\",\"description\":\"Gesch\u00e4fte & Restaurants im Aubette Shopping Entdecken Sie die Geschichte unseres Einkaufszentrums im Herzen von Stra\u00dfburg!\",\"breadcrumb\":{\"@id\":\"https:\\\/\\\/laubette.com\\\/de\\\/kontakt\\\/#breadcrumb\"},\"inLanguage\":\"de\",\"potentialAction\":[{\"@type\":\"ReadAction\",\"target\":[\"https:\\\/\\\/laubette.com\\\/de\\\/kontakt\\\/\"]}]},{\"@type\":\"BreadcrumbList\",\"@id\":\"https:\\\/\\\/laubette.com\\\/de\\\/kontakt\\\/#breadcrumb\",\"itemListElement\":[{\"@type\":\"ListItem\",\"position\":1,\"name\":\"Accueil\",\"item\":\"https:\\\/\\\/laubette.com\\\/de\\\/\"},{\"@type\":\"ListItem\",\"position\":2,\"name\":\"Kontakt\"}]},{\"@type\":\"WebSite\",\"@id\":\"https:\\\/\\\/laubette.com\\\/#website\",\"url\":\"https:\\\/\\\/laubette.com\\\/\",\"name\":\"L'Aubette\",\"description\":\"\",\"publisher\":{\"@id\":\"https:\\\/\\\/laubette.com\\\/#organization\"},\"potentialAction\":[{\"@type\":\"SearchAction\",\"target\":{\"@type\":\"EntryPoint\",\"urlTemplate\":\"https:\\\/\\\/laubette.com\\\/?s={search_term_string}\"},\"query-input\":{\"@type\":\"PropertyValueSpecification\",\"valueRequired\":true,\"valueName\":\"search_term_string\"}}],\"inLanguage\":\"de\"},{\"@type\":\"Organization\",\"@id\":\"https:\\\/\\\/laubette.com\\\/#organization\",\"name\":\"L'Aubette\",\"url\":\"https:\\\/\\\/laubette.com\\\/\",\"logo\":{\"@type\":\"ImageObject\",\"inLanguage\":\"de\",\"@id\":\"https:\\\/\\\/laubette.com\\\/#\\\/schema\\\/logo\\\/image\\\/\",\"url\":\"https:\\\/\\\/laubette.com\\\/wp-content\\\/uploads\\\/2026\\\/03\\\/logo-laubette.svg\",\"contentUrl\":\"https:\\\/\\\/laubette.com\\\/wp-content\\\/uploads\\\/2026\\\/03\\\/logo-laubette.svg\",\"width\":190,\"height\":106,\"caption\":\"L'Aubette\"},\"image\":{\"@id\":\"https:\\\/\\\/laubette.com\\\/#\\\/schema\\\/logo\\\/image\\\/\"},\"sameAs\":[\"https:\\\/\\\/www.facebook.com\\\/laubetteshopping\\\/\"]}]}<\/script>\n<!-- \/ Yoast SEO plugin. -->","yoast_head_json":{"title":"Kontakt - L&#039;Aubette Shopping Einkaufszentrum in Stra\u00dfburg","description":"Gesch\u00e4fte & Restaurants im Aubette Shopping Entdecken Sie die Geschichte unseres Einkaufszentrums im Herzen von Stra\u00dfburg!","robots":{"index":"index","follow":"follow","max-snippet":"max-snippet:-1","max-image-preview":"max-image-preview:large","max-video-preview":"max-video-preview:-1"},"canonical":"https:\/\/laubette.com\/de\/kontakt\/","og_locale":"de_DE","og_type":"article","og_title":"Kontakt - L&#039;Aubette Shopping Einkaufszentrum in Stra\u00dfburg","og_description":"Gesch\u00e4fte & Restaurants im Aubette Shopping Entdecken Sie die Geschichte unseres Einkaufszentrums im Herzen von Stra\u00dfburg!","og_url":"https:\/\/laubette.com\/de\/kontakt\/","og_site_name":"L&#039;Aubette Shopping","article_publisher":"https:\/\/www.facebook.com\/laubetteshopping\/","article_modified_time":"2026-03-05T14:12:21+00:00","twitter_card":"summary_large_image","twitter_misc":{"Gesch\u00e4tzte Lesezeit":"1\u00a0Minute"},"schema":{"@context":"https:\/\/schema.org","@graph":[{"@type":"WebPage","@id":"https:\/\/laubette.com\/de\/kontakt\/","url":"https:\/\/laubette.com\/de\/kontakt\/","name":"Kontakt - L&#039;Aubette Shopping Einkaufszentrum in Stra\u00dfburg","isPartOf":{"@id":"https:\/\/laubette.com\/#website"},"datePublished":"2026-02-19T13:10:25+00:00","dateModified":"2026-03-05T14:12:21+00:00","description":"Gesch\u00e4fte & Restaurants im Aubette Shopping Entdecken Sie die Geschichte unseres Einkaufszentrums im Herzen von Stra\u00dfburg!","breadcrumb":{"@id":"https:\/\/laubette.com\/de\/kontakt\/#breadcrumb"},"inLanguage":"de","potentialAction":[{"@type":"ReadAction","target":["https:\/\/laubette.com\/de\/kontakt\/"]}]},{"@type":"BreadcrumbList","@id":"https:\/\/laubette.com\/de\/kontakt\/#breadcrumb","itemListElement":[{"@type":"ListItem","position":1,"name":"Accueil","item":"https:\/\/laubette.com\/de\/"},{"@type":"ListItem","position":2,"name":"Kontakt"}]},{"@type":"WebSite","@id":"https:\/\/laubette.com\/#website","url":"https:\/\/laubette.com\/","name":"L'Aubette","description":"","publisher":{"@id":"https:\/\/laubette.com\/#organization"},"potentialAction":[{"@type":"SearchAction","target":{"@type":"EntryPoint","urlTemplate":"https:\/\/laubette.com\/?s={search_term_string}"},"query-input":{"@type":"PropertyValueSpecification","valueRequired":true,"valueName":"search_term_string"}}],"inLanguage":"de"},{"@type":"Organization","@id":"https:\/\/laubette.com\/#organization","name":"L'Aubette","url":"https:\/\/laubette.com\/","logo":{"@type":"ImageObject","inLanguage":"de","@id":"https:\/\/laubette.com\/#\/schema\/logo\/image\/","url":"https:\/\/laubette.com\/wp-content\/uploads\/2026\/03\/logo-laubette.svg","contentUrl":"https:\/\/laubette.com\/wp-content\/uploads\/2026\/03\/logo-laubette.svg","width":190,"height":106,"caption":"L'Aubette"},"image":{"@id":"https:\/\/laubette.com\/#\/schema\/logo\/image\/"},"sameAs":["https:\/\/www.facebook.com\/laubetteshopping\/"]}]}},"_links":{"self":[{"href":"https:\/\/laubette.com\/de\/wp-json\/wp\/v2\/pages\/800","targetHints":{"allow":["GET"]}}],"collection":[{"href":"https:\/\/laubette.com\/de\/wp-json\/wp\/v2\/pages"}],"about":[{"href":"https:\/\/laubette.com\/de\/wp-json\/wp\/v2\/types\/page"}],"author":[{"embeddable":true,"href":"https:\/\/laubette.com\/de\/wp-json\/wp\/v2\/users\/1"}],"replies":[{"embeddable":true,"href":"https:\/\/laubette.com\/de\/wp-json\/wp\/v2\/comments?post=800"}],"version-history":[{"count":1,"href":"https:\/\/laubette.com\/de\/wp-json\/wp\/v2\/pages\/800\/revisions"}],"predecessor-version":[{"id":801,"href":"https:\/\/laubette.com\/de\/wp-json\/wp\/v2\/pages\/800\/revisions\/801"}],"wp:attachment":[{"href":"https:\/\/laubette.com\/de\/wp-json\/wp\/v2\/media?parent=800"}],"curies":[{"name":"wp","href":"https:\/\/api.w.org\/{rel}","templated":true}]}}