{"id":797,"date":"2026-02-19T14:11:01","date_gmt":"2026-02-19T13:11:01","guid":{"rendered":"https:\/\/laubette.com\/zelle-zu-vermieten\/"},"modified":"2026-03-05T15:12:02","modified_gmt":"2026-03-05T14:12:02","slug":"zelle-zu-vermieten","status":"publish","type":"page","link":"https:\/\/laubette.com\/de\/zelle-zu-vermieten\/","title":{"rendered":"Zelle zu vermieten"},"content":{"rendered":"<div class=\"container\"><div class=\"row-gutenberg\">\n<div class=\"wp-block-columns are-vertically-aligned-center is-layout-flex wp-container-core-columns-is-layout-9d6595d7 wp-block-columns-is-layout-flex\">\n<div class=\"wp-block-column is-vertically-aligned-center is-layout-flow wp-block-column-is-layout-flow\">\n<div style=\"height:80px\" aria-hidden=\"true\" class=\"wp-block-spacer\"><\/div>\n\n\n<div class=\"container\"><div class=\"row-gutenberg\">\n<div class=\"wp-block-columns are-vertically-aligned-center is-layout-flex wp-container-core-columns-is-layout-9d6595d7 wp-block-columns-is-layout-flex\">\n<div class=\"wp-block-column is-vertically-aligned-center is-layout-flow wp-block-column-is-layout-flow\">\n<h2 class=\"wp-block-heading\">Entdecken Sie das kommerzielle Juwel der Aubette : Einheit B01<\/h2>\n\n\n\n<div style=\"height:40px\" aria-hidden=\"true\" class=\"wp-block-spacer\"><\/div>\n\n\n<div class=\"container\"><div class=\"row-gutenberg\">\n<p>Erkunden Sie eine einzigartige Gelegenheit mit der &#8222;Einheit B01&#8220;, eingebettet im Herzen des renommierten Einkaufszentrums Aubette Shopping, in der <strong>4 Rue de la Haute Mont\u00e9e, 31 Place Kl\u00e9ber, 67000 Stra\u00dfburg<\/strong>.<\/p>\n<\/div><\/div>\n\n\n<div style=\"height:30px\" aria-hidden=\"true\" class=\"wp-block-spacer\"><\/div>\n\n\n\n<h3 class=\"wp-block-heading\"><strong>Einzigartige Merkmale :<\/strong><\/h3>\n\n\n\n<ul class=\"wp-block-list\">\n<li><strong>Prestigetr\u00e4chtige Lage : <\/strong>Die &#8222;Einheit B01&#8220; befindet sich an einem erstklassigen Standort und nimmt einen zentralen Platz im Einkaufszentrum Aubette Shopping ein, bietet eine beispiellose Sichtbarkeit und einfachen Zugang.<\/li>\n\n\n\n<li><strong>Doppelgeschoss, Doppelte M\u00f6glichkeiten :<\/strong> Diese au\u00dfergew\u00f6hnliche Gewerbefl\u00e4che erstreckt sich \u00fcber zwei Ebenen und bietet bemerkenswerte Vielseitigkeit. Das ger\u00e4umige Erdgeschoss mit seinen 142,00 m\u00b2 hinterl\u00e4sst einen unvergesslichen ersten Eindruck, w\u00e4hrend der Keller mit 232,00 m\u00b2 eine einzigartige Dimension f\u00fcr Ihre kreativen Ideen hinzuf\u00fcgt.<\/li>\n\n\n\n<li><strong>Prestigetr\u00e4chtige Geschichte : <\/strong>Die &#8222;Einheit B01&#8220; hat renommierte Marken erlebt. Von ZARA HOME, spezialisiert auf Mode und Inneneinrichtung, bis zu BOGGI MILANO, der italienischen Referenz f\u00fcr Herrenkonfektion, hat dieser Raum eine reiche Geschichte. Seit Mitte 2021 bietet er eine leere Leinwand, bereit, Ihre Vision zu empfangen.<\/li>\n<\/ul>\n<\/div>\n\n\n\n<div class=\"wp-block-column is-vertically-aligned-center is-layout-flow wp-block-column-is-layout-flow\">\n<figure class=\"wp-block-gallery has-nested-images columns-default is-cropped wp-block-gallery-1 is-layout-flex wp-block-gallery-is-layout-flex\">\n<figure class=\"wp-block-image size-large\"><img loading=\"lazy\" decoding=\"async\" width=\"1024\" height=\"726\" data-id=\"571\" src=\"https:\/\/laubette.com\/wp-content\/uploads\/2026\/03\/cellule-a-louer-aubette-1024x726.jpg\" alt=\"\" class=\"wp-image-571\" srcset=\"https:\/\/laubette.com\/wp-content\/uploads\/2026\/03\/cellule-a-louer-aubette-1024x726.jpg 1024w, https:\/\/laubette.com\/wp-content\/uploads\/2026\/03\/cellule-a-louer-aubette-300x213.jpg 300w, https:\/\/laubette.com\/wp-content\/uploads\/2026\/03\/cellule-a-louer-aubette-768x545.jpg 768w, https:\/\/laubette.com\/wp-content\/uploads\/2026\/03\/cellule-a-louer-aubette-1536x1090.jpg 1536w, https:\/\/laubette.com\/wp-content\/uploads\/2026\/03\/cellule-a-louer-aubette-2048x1453.jpg 2048w\" sizes=\"auto, (max-width: 1024px) 100vw, 1024px\" \/><\/figure>\n\n\n\n<figure class=\"wp-block-image size-large\"><img loading=\"lazy\" decoding=\"async\" width=\"1024\" height=\"684\" data-id=\"572\" src=\"https:\/\/laubette.com\/wp-content\/uploads\/2026\/03\/cellule-a-louer-aubette-interieur-1024x684.jpg\" alt=\"\" class=\"wp-image-572\" srcset=\"https:\/\/laubette.com\/wp-content\/uploads\/2026\/03\/cellule-a-louer-aubette-interieur-1024x684.jpg 1024w, https:\/\/laubette.com\/wp-content\/uploads\/2026\/03\/cellule-a-louer-aubette-interieur-300x200.jpg 300w, https:\/\/laubette.com\/wp-content\/uploads\/2026\/03\/cellule-a-louer-aubette-interieur-768x513.jpg 768w, https:\/\/laubette.com\/wp-content\/uploads\/2026\/03\/cellule-a-louer-aubette-interieur-1536x1026.jpg 1536w, https:\/\/laubette.com\/wp-content\/uploads\/2026\/03\/cellule-a-louer-aubette-interieur-2048x1368.jpg 2048w\" sizes=\"auto, (max-width: 1024px) 100vw, 1024px\" \/><\/figure>\n\n\n\n<figure class=\"wp-block-image size-large\"><img loading=\"lazy\" decoding=\"async\" width=\"1024\" height=\"722\" data-id=\"573\" src=\"https:\/\/laubette.com\/wp-content\/uploads\/2026\/03\/cellule-a-louer-ascenseur-interieur-1024x722.jpg\" alt=\"\" class=\"wp-image-573\" srcset=\"https:\/\/laubette.com\/wp-content\/uploads\/2026\/03\/cellule-a-louer-ascenseur-interieur-1024x722.jpg 1024w, https:\/\/laubette.com\/wp-content\/uploads\/2026\/03\/cellule-a-louer-ascenseur-interieur-300x212.jpg 300w, https:\/\/laubette.com\/wp-content\/uploads\/2026\/03\/cellule-a-louer-ascenseur-interieur-768x542.jpg 768w, https:\/\/laubette.com\/wp-content\/uploads\/2026\/03\/cellule-a-louer-ascenseur-interieur-1536x1083.jpg 1536w, https:\/\/laubette.com\/wp-content\/uploads\/2026\/03\/cellule-a-louer-ascenseur-interieur-2048x1444.jpg 2048w\" sizes=\"auto, (max-width: 1024px) 100vw, 1024px\" \/><\/figure>\n\n\n\n<figure class=\"wp-block-image size-large\"><img loading=\"lazy\" decoding=\"async\" width=\"1024\" height=\"711\" data-id=\"570\" src=\"https:\/\/laubette.com\/wp-content\/uploads\/2026\/03\/cellule-a-louer-aubette-interieur-fond-1024x711.jpg\" alt=\"\" class=\"wp-image-570\" srcset=\"https:\/\/laubette.com\/wp-content\/uploads\/2026\/03\/cellule-a-louer-aubette-interieur-fond-1024x711.jpg 1024w, https:\/\/laubette.com\/wp-content\/uploads\/2026\/03\/cellule-a-louer-aubette-interieur-fond-300x208.jpg 300w, https:\/\/laubette.com\/wp-content\/uploads\/2026\/03\/cellule-a-louer-aubette-interieur-fond-768x533.jpg 768w, https:\/\/laubette.com\/wp-content\/uploads\/2026\/03\/cellule-a-louer-aubette-interieur-fond-1536x1066.jpg 1536w, https:\/\/laubette.com\/wp-content\/uploads\/2026\/03\/cellule-a-louer-aubette-interieur-fond-2048x1422.jpg 2048w\" sizes=\"auto, (max-width: 1024px) 100vw, 1024px\" \/><\/figure>\n\n\n\n<figure class=\"wp-block-image size-large\"><img loading=\"lazy\" decoding=\"async\" width=\"1024\" height=\"768\" data-id=\"569\" src=\"https:\/\/laubette.com\/wp-content\/uploads\/2026\/03\/cellule-a-louer-escalier-interieur-1024x768.jpg\" alt=\"\" class=\"wp-image-569\" srcset=\"https:\/\/laubette.com\/wp-content\/uploads\/2026\/03\/cellule-a-louer-escalier-interieur-1024x768.jpg 1024w, https:\/\/laubette.com\/wp-content\/uploads\/2026\/03\/cellule-a-louer-escalier-interieur-300x225.jpg 300w, https:\/\/laubette.com\/wp-content\/uploads\/2026\/03\/cellule-a-louer-escalier-interieur-768x576.jpg 768w, https:\/\/laubette.com\/wp-content\/uploads\/2026\/03\/cellule-a-louer-escalier-interieur-1536x1152.jpg 1536w, https:\/\/laubette.com\/wp-content\/uploads\/2026\/03\/cellule-a-louer-escalier-interieur-2048x1536.jpg 2048w\" sizes=\"auto, (max-width: 1024px) 100vw, 1024px\" \/><\/figure>\n<\/figure>\n<\/div>\n<\/div>\n<\/div><\/div>\n\n\n<div style=\"height:80px\" aria-hidden=\"true\" class=\"wp-block-spacer\"><\/div>\n<\/div>\n<\/div>\n<\/div><\/div>\n\n<div class=\"content_block bg-none\">\n    <div class=\"container\">\n        <div class=\"row pad-80\">\n            <div class=\"col col-12 col-md-8 mx-auto txtalign-left \">\n                                                    <h2 class=\"primary-title titrealign-center\">Kontaktieren Sie uns jetzt :<\/h2>\n                                                    <p>F\u00fcr weitere Informationen oder zur Vereinbarung eines Besuchs senden Sie eine E-Mail an <a href=\"mailto:contact@laubette.com\" target=\"_new\">contact@laubette.com<\/a>. Unser engagiertes Team steht Ihnen zur Beantwortung aller Fragen zur Verf\u00fcgung und f\u00fchrt Sie auf Ihrem Weg zur Er\u00f6ffnung eines neuen Handelskapitels.<\/p>\n                                                            <\/div>\n        <\/div>\n    <\/div>\n<\/div>","protected":false},"excerpt":{"rendered":"<p>Entdecken Sie das kommerzielle Juwel der Aubette : Einheit B01 Erkunden Sie eine einzigartige Gelegenheit mit der &#8222;Einheit B01&#8220;, eingebettet im Herzen des renommierten Einkaufszentrums Aubette Shopping, in der 4 Rue de la Haute Mont\u00e9e, 31 Place Kl\u00e9ber, 67000 Stra\u00dfburg. Einzigartige Merkmale :<\/p>\n","protected":false},"author":1,"featured_media":0,"parent":0,"menu_order":0,"comment_status":"closed","ping_status":"closed","template":"","meta":{"_acf_changed":false,"footnotes":""},"class_list":["post-797","page","type-page","status-publish","hentry"],"acf":[],"yoast_head":"<!-- This site is optimized with the Yoast SEO plugin v27.3 - https:\/\/yoast.com\/product\/yoast-seo-wordpress\/ -->\n<title>Zelle zu vermieten - L&#039;Aubette Shopping Einkaufszentrum in Stra\u00dfburg<\/title>\n<meta name=\"description\" content=\"Gesch\u00e4fte &amp; Restaurants im Aubette Shopping Entdecken Sie die Geschichte unseres Einkaufszentrums im Herzen von Stra\u00dfburg!\" \/>\n<meta name=\"robots\" content=\"index, follow, max-snippet:-1, max-image-preview:large, max-video-preview:-1\" \/>\n<link rel=\"canonical\" href=\"https:\/\/laubette.com\/de\/zelle-zu-vermieten\/\" \/>\n<meta property=\"og:locale\" content=\"de_DE\" \/>\n<meta property=\"og:type\" content=\"article\" \/>\n<meta property=\"og:title\" content=\"Zelle zu vermieten - L&#039;Aubette Shopping Einkaufszentrum in Stra\u00dfburg\" \/>\n<meta property=\"og:description\" content=\"Gesch\u00e4fte &amp; Restaurants im Aubette Shopping Entdecken Sie die Geschichte unseres Einkaufszentrums im Herzen von Stra\u00dfburg!\" \/>\n<meta property=\"og:url\" content=\"https:\/\/laubette.com\/de\/zelle-zu-vermieten\/\" \/>\n<meta property=\"og:site_name\" content=\"L&#039;Aubette Shopping\" \/>\n<meta property=\"article:publisher\" content=\"https:\/\/www.facebook.com\/laubetteshopping\/\" \/>\n<meta property=\"article:modified_time\" content=\"2026-03-05T14:12:02+00:00\" \/>\n<meta property=\"og:image\" content=\"https:\/\/laubette.com\/wp-content\/uploads\/2026\/03\/cellule-a-louer-aubette.jpg\" \/>\n\t<meta property=\"og:image:width\" content=\"2560\" \/>\n\t<meta property=\"og:image:height\" content=\"1816\" \/>\n\t<meta property=\"og:image:type\" content=\"image\/jpeg\" \/>\n<meta name=\"twitter:card\" content=\"summary_large_image\" \/>\n<meta name=\"twitter:label1\" content=\"Gesch\u00e4tzte Lesezeit\" \/>\n\t<meta name=\"twitter:data1\" content=\"2\u00a0Minuten\" \/>\n<script type=\"application\/ld+json\" class=\"yoast-schema-graph\">{\"@context\":\"https:\\\/\\\/schema.org\",\"@graph\":[{\"@type\":\"WebPage\",\"@id\":\"https:\\\/\\\/laubette.com\\\/de\\\/zelle-zu-vermieten\\\/\",\"url\":\"https:\\\/\\\/laubette.com\\\/de\\\/zelle-zu-vermieten\\\/\",\"name\":\"Zelle zu vermieten - L&#039;Aubette Shopping Einkaufszentrum in Stra\u00dfburg\",\"isPartOf\":{\"@id\":\"https:\\\/\\\/laubette.com\\\/#website\"},\"primaryImageOfPage\":{\"@id\":\"https:\\\/\\\/laubette.com\\\/de\\\/zelle-zu-vermieten\\\/#primaryimage\"},\"image\":{\"@id\":\"https:\\\/\\\/laubette.com\\\/de\\\/zelle-zu-vermieten\\\/#primaryimage\"},\"thumbnailUrl\":\"https:\\\/\\\/laubette.com\\\/wp-content\\\/uploads\\\/2026\\\/03\\\/cellule-a-louer-aubette-1024x726.jpg\",\"datePublished\":\"2026-02-19T13:11:01+00:00\",\"dateModified\":\"2026-03-05T14:12:02+00:00\",\"description\":\"Gesch\u00e4fte & Restaurants im Aubette Shopping Entdecken Sie die Geschichte unseres Einkaufszentrums im Herzen von Stra\u00dfburg!\",\"breadcrumb\":{\"@id\":\"https:\\\/\\\/laubette.com\\\/de\\\/zelle-zu-vermieten\\\/#breadcrumb\"},\"inLanguage\":\"de\",\"potentialAction\":[{\"@type\":\"ReadAction\",\"target\":[\"https:\\\/\\\/laubette.com\\\/de\\\/zelle-zu-vermieten\\\/\"]}]},{\"@type\":\"ImageObject\",\"inLanguage\":\"de\",\"@id\":\"https:\\\/\\\/laubette.com\\\/de\\\/zelle-zu-vermieten\\\/#primaryimage\",\"url\":\"https:\\\/\\\/laubette.com\\\/wp-content\\\/uploads\\\/2026\\\/03\\\/cellule-a-louer-aubette-1024x726.jpg\",\"contentUrl\":\"https:\\\/\\\/laubette.com\\\/wp-content\\\/uploads\\\/2026\\\/03\\\/cellule-a-louer-aubette-1024x726.jpg\"},{\"@type\":\"BreadcrumbList\",\"@id\":\"https:\\\/\\\/laubette.com\\\/de\\\/zelle-zu-vermieten\\\/#breadcrumb\",\"itemListElement\":[{\"@type\":\"ListItem\",\"position\":1,\"name\":\"Accueil\",\"item\":\"https:\\\/\\\/laubette.com\\\/de\\\/\"},{\"@type\":\"ListItem\",\"position\":2,\"name\":\"Zelle zu vermieten\"}]},{\"@type\":\"WebSite\",\"@id\":\"https:\\\/\\\/laubette.com\\\/#website\",\"url\":\"https:\\\/\\\/laubette.com\\\/\",\"name\":\"L'Aubette\",\"description\":\"\",\"publisher\":{\"@id\":\"https:\\\/\\\/laubette.com\\\/#organization\"},\"potentialAction\":[{\"@type\":\"SearchAction\",\"target\":{\"@type\":\"EntryPoint\",\"urlTemplate\":\"https:\\\/\\\/laubette.com\\\/?s={search_term_string}\"},\"query-input\":{\"@type\":\"PropertyValueSpecification\",\"valueRequired\":true,\"valueName\":\"search_term_string\"}}],\"inLanguage\":\"de\"},{\"@type\":\"Organization\",\"@id\":\"https:\\\/\\\/laubette.com\\\/#organization\",\"name\":\"L'Aubette\",\"url\":\"https:\\\/\\\/laubette.com\\\/\",\"logo\":{\"@type\":\"ImageObject\",\"inLanguage\":\"de\",\"@id\":\"https:\\\/\\\/laubette.com\\\/#\\\/schema\\\/logo\\\/image\\\/\",\"url\":\"https:\\\/\\\/laubette.com\\\/wp-content\\\/uploads\\\/2026\\\/03\\\/logo-laubette.svg\",\"contentUrl\":\"https:\\\/\\\/laubette.com\\\/wp-content\\\/uploads\\\/2026\\\/03\\\/logo-laubette.svg\",\"width\":190,\"height\":106,\"caption\":\"L'Aubette\"},\"image\":{\"@id\":\"https:\\\/\\\/laubette.com\\\/#\\\/schema\\\/logo\\\/image\\\/\"},\"sameAs\":[\"https:\\\/\\\/www.facebook.com\\\/laubetteshopping\\\/\"]}]}<\/script>\n<!-- \/ Yoast SEO plugin. -->","yoast_head_json":{"title":"Zelle zu vermieten - L&#039;Aubette Shopping Einkaufszentrum in Stra\u00dfburg","description":"Gesch\u00e4fte & Restaurants im Aubette Shopping Entdecken Sie die Geschichte unseres Einkaufszentrums im Herzen von Stra\u00dfburg!","robots":{"index":"index","follow":"follow","max-snippet":"max-snippet:-1","max-image-preview":"max-image-preview:large","max-video-preview":"max-video-preview:-1"},"canonical":"https:\/\/laubette.com\/de\/zelle-zu-vermieten\/","og_locale":"de_DE","og_type":"article","og_title":"Zelle zu vermieten - L&#039;Aubette Shopping Einkaufszentrum in Stra\u00dfburg","og_description":"Gesch\u00e4fte & Restaurants im Aubette Shopping Entdecken Sie die Geschichte unseres Einkaufszentrums im Herzen von Stra\u00dfburg!","og_url":"https:\/\/laubette.com\/de\/zelle-zu-vermieten\/","og_site_name":"L&#039;Aubette Shopping","article_publisher":"https:\/\/www.facebook.com\/laubetteshopping\/","article_modified_time":"2026-03-05T14:12:02+00:00","og_image":[{"width":2560,"height":1816,"url":"https:\/\/laubette.com\/wp-content\/uploads\/2026\/03\/cellule-a-louer-aubette.jpg","type":"image\/jpeg"}],"twitter_card":"summary_large_image","twitter_misc":{"Gesch\u00e4tzte Lesezeit":"2\u00a0Minuten"},"schema":{"@context":"https:\/\/schema.org","@graph":[{"@type":"WebPage","@id":"https:\/\/laubette.com\/de\/zelle-zu-vermieten\/","url":"https:\/\/laubette.com\/de\/zelle-zu-vermieten\/","name":"Zelle zu vermieten - L&#039;Aubette Shopping Einkaufszentrum in Stra\u00dfburg","isPartOf":{"@id":"https:\/\/laubette.com\/#website"},"primaryImageOfPage":{"@id":"https:\/\/laubette.com\/de\/zelle-zu-vermieten\/#primaryimage"},"image":{"@id":"https:\/\/laubette.com\/de\/zelle-zu-vermieten\/#primaryimage"},"thumbnailUrl":"https:\/\/laubette.com\/wp-content\/uploads\/2026\/03\/cellule-a-louer-aubette-1024x726.jpg","datePublished":"2026-02-19T13:11:01+00:00","dateModified":"2026-03-05T14:12:02+00:00","description":"Gesch\u00e4fte & Restaurants im Aubette Shopping Entdecken Sie die Geschichte unseres Einkaufszentrums im Herzen von Stra\u00dfburg!","breadcrumb":{"@id":"https:\/\/laubette.com\/de\/zelle-zu-vermieten\/#breadcrumb"},"inLanguage":"de","potentialAction":[{"@type":"ReadAction","target":["https:\/\/laubette.com\/de\/zelle-zu-vermieten\/"]}]},{"@type":"ImageObject","inLanguage":"de","@id":"https:\/\/laubette.com\/de\/zelle-zu-vermieten\/#primaryimage","url":"https:\/\/laubette.com\/wp-content\/uploads\/2026\/03\/cellule-a-louer-aubette-1024x726.jpg","contentUrl":"https:\/\/laubette.com\/wp-content\/uploads\/2026\/03\/cellule-a-louer-aubette-1024x726.jpg"},{"@type":"BreadcrumbList","@id":"https:\/\/laubette.com\/de\/zelle-zu-vermieten\/#breadcrumb","itemListElement":[{"@type":"ListItem","position":1,"name":"Accueil","item":"https:\/\/laubette.com\/de\/"},{"@type":"ListItem","position":2,"name":"Zelle zu vermieten"}]},{"@type":"WebSite","@id":"https:\/\/laubette.com\/#website","url":"https:\/\/laubette.com\/","name":"L'Aubette","description":"","publisher":{"@id":"https:\/\/laubette.com\/#organization"},"potentialAction":[{"@type":"SearchAction","target":{"@type":"EntryPoint","urlTemplate":"https:\/\/laubette.com\/?s={search_term_string}"},"query-input":{"@type":"PropertyValueSpecification","valueRequired":true,"valueName":"search_term_string"}}],"inLanguage":"de"},{"@type":"Organization","@id":"https:\/\/laubette.com\/#organization","name":"L'Aubette","url":"https:\/\/laubette.com\/","logo":{"@type":"ImageObject","inLanguage":"de","@id":"https:\/\/laubette.com\/#\/schema\/logo\/image\/","url":"https:\/\/laubette.com\/wp-content\/uploads\/2026\/03\/logo-laubette.svg","contentUrl":"https:\/\/laubette.com\/wp-content\/uploads\/2026\/03\/logo-laubette.svg","width":190,"height":106,"caption":"L'Aubette"},"image":{"@id":"https:\/\/laubette.com\/#\/schema\/logo\/image\/"},"sameAs":["https:\/\/www.facebook.com\/laubetteshopping\/"]}]}},"_links":{"self":[{"href":"https:\/\/laubette.com\/de\/wp-json\/wp\/v2\/pages\/797","targetHints":{"allow":["GET"]}}],"collection":[{"href":"https:\/\/laubette.com\/de\/wp-json\/wp\/v2\/pages"}],"about":[{"href":"https:\/\/laubette.com\/de\/wp-json\/wp\/v2\/types\/page"}],"author":[{"embeddable":true,"href":"https:\/\/laubette.com\/de\/wp-json\/wp\/v2\/users\/1"}],"replies":[{"embeddable":true,"href":"https:\/\/laubette.com\/de\/wp-json\/wp\/v2\/comments?post=797"}],"version-history":[{"count":1,"href":"https:\/\/laubette.com\/de\/wp-json\/wp\/v2\/pages\/797\/revisions"}],"predecessor-version":[{"id":799,"href":"https:\/\/laubette.com\/de\/wp-json\/wp\/v2\/pages\/797\/revisions\/799"}],"wp:attachment":[{"href":"https:\/\/laubette.com\/de\/wp-json\/wp\/v2\/media?parent=797"}],"curies":[{"name":"wp","href":"https:\/\/api.w.org\/{rel}","templated":true}]}}