{"id":765,"date":"2026-02-19T15:59:30","date_gmt":"2026-02-19T14:59:30","guid":{"rendered":"https:\/\/laubette.com\/impressum-dsgvo\/"},"modified":"2026-03-05T15:24:52","modified_gmt":"2026-03-05T14:24:52","slug":"impressum-dsgvo","status":"publish","type":"page","link":"https:\/\/laubette.com\/de\/impressum-dsgvo\/","title":{"rendered":"Impressum \u2013 DSGVO"},"content":{"rendered":"<div class=\"container\"><div class=\"row-gutenberg\">\n<div class=\"wp-block-columns is-layout-flex wp-container-core-columns-is-layout-9d6595d7 wp-block-columns-is-layout-flex\">\n<div class=\"wp-block-column is-layout-flow wp-block-column-is-layout-flow\">\n<div style=\"height:80px\" aria-hidden=\"true\" class=\"wp-block-spacer\"><\/div>\n\n\n\n<div class=\"wp-block-group\"><div class=\"wp-block-group__inner-container is-layout-constrained wp-block-group-is-layout-constrained\">\n<h2 class=\"wp-block-heading\"><strong>Herausgeber der webseite<\/strong><\/h2>\n\n\n\n<div style=\"height:10px\" aria-hidden=\"true\" class=\"wp-block-spacer\"><\/div>\n\n\n<div class=\"container\"><div class=\"row-gutenberg\">\n<p>Die Webseite <a href=\"https:\/\/laubette.com\/de\/\">www.laubette.com<\/a> wird herausgegeben von:<\/p>\n<\/div><\/div>\n\n\n<ul class=\"wp-block-list\">\n<li>TARGET SELECT SHOPPING FRANCE<br>c\/o CBRE PM<br>43 rue Paul Meurice<br>75020 Paris<br><\/li>\n\n\n\n<li>Firmenbezeichnung: TARGETSELECT SHOPPING France<br><\/li>\n\n\n\n<li>Gesch\u00e4ftssitz: c\/o CBRE PM 43 rue Paul Meurice 75020 Paris<br><\/li>\n\n\n\n<li>Handelsregister-Nr.: 831 016 746<br><\/li>\n\n\n\n<li>Publikationsleiter: Pierre CONTE (Direction du Centre Commercial)<\/li>\n\n\n\n<li>Telefon: +33 (0)1 53 64 00 00<\/li>\n\n\n\n<li>Kontaktadresse: contact@laubette.com<\/li>\n<\/ul>\n<\/div><\/div>\n\n\n\n<div style=\"height:40px\" aria-hidden=\"true\" class=\"wp-block-spacer\"><\/div>\n\n\n\n<div class=\"wp-block-group\"><div class=\"wp-block-group__inner-container is-layout-constrained wp-block-group-is-layout-constrained\">\n<h2 class=\"wp-block-heading\"><strong>Webhoster<br><\/strong><\/h2>\n\n\n\n<div style=\"height:10px\" aria-hidden=\"true\" class=\"wp-block-spacer\"><\/div>\n\n\n<div class=\"container\"><div class=\"row-gutenberg\">\n<p>Die Webseite <a href=\"https:\/\/laubette.com\/de\/\">www.laubette.com<\/a> wird gehostet von:<\/p>\n<\/div><\/div>\n\n\n<ul class=\"wp-block-list\">\n<li>Firmenbezeichnung: SAS OVH<\/li>\n\n\n\n<li>Gesch\u00e4ftssitz: 2 rue Kellermann \u2013 BP 80157 \u2013 F-59100 Roubaix<\/li>\n\n\n\n<li>Handelsregister: Lille<\/li>\n\n\n\n<li>Handelsregister-Nr.: 424 610 419<\/li>\n<\/ul>\n<\/div><\/div>\n\n\n\n<div style=\"height:40px\" aria-hidden=\"true\" class=\"wp-block-spacer\"><\/div>\n\n\n\n<div class=\"wp-block-group\"><div class=\"wp-block-group__inner-container is-layout-constrained wp-block-group-is-layout-constrained\">\n<h2 class=\"wp-block-heading\"><strong>Personenbezogene Daten<\/strong><\/h2>\n\n\n\n<div style=\"height:10px\" aria-hidden=\"true\" class=\"wp-block-spacer\"><\/div>\n\n\n<div class=\"container\"><div class=\"row-gutenberg\">\n<p>Unter der nachstehenden Adresse k\u00f6nnen Sie sich anhand der Datenschutzpolitik der Webseite erkundigen, wie Ihre pers\u00f6nlichen Daten gesammelt und verarbeitet werden: <a href=\"https:\/\/laubette.com\/de\/datenschutzpolitik\/\">www.laubette.com\/de\/datenschutzpolitik\/<\/a>\/impressum-dsgvo<\/p>\n<\/div><\/div><\/div><\/div>\n\n\n\n<div style=\"height:40px\" aria-hidden=\"true\" class=\"wp-block-spacer\"><\/div>\n\n\n\n<div class=\"wp-block-group\"><div class=\"wp-block-group__inner-container is-layout-constrained wp-block-group-is-layout-constrained\">\n<h2 class=\"wp-block-heading\"><strong>Geistiges Eigentum<\/strong><\/h2>\n\n\n\n<div style=\"height:10px\" aria-hidden=\"true\" class=\"wp-block-spacer\"><\/div>\n\n\n<div class=\"container\"><div class=\"row-gutenberg\">\n<p>Die vorliegende Webseite, die Markenbezeichnungen, Domainnamen, Datenbanken und s\u00e4mtliche Inhalte (insbesondere Texte, Grafiken, Logos, T\u00f6ne, Fotos und Animationen) sind ausschlie\u00dfliches Eigentum von TARGETSELECT SHOPPING France bzw. seiner Partner und sind durch die nationale und internationale Gesetzgebung \u00fcber das geistige Eigentum gesch\u00fctzt.<\/p>\n<\/div><\/div>\n\n<div class=\"container\"><div class=\"row-gutenberg\">\n<p>Reproduktionen oder Darstellungen dieser Elemente, ganz oder teilweise, durch welches Verfahren auch immer, sind ohne die vorherige ausdr\u00fcckliche und schriftliche Erlaubnis von TARGETSELECT SHOPPING France untersagt. Sie w\u00e4ren eine Nachahmung, f\u00fcr die Zuwiderhandelnde nach dem Code de la Propri\u00e9t\u00e9 Intellectuelle (frz. Gesetzbuch der gewerblichen Schutzrechte) haftbar gemacht und straf- und zivilrechtlich verfolgt werden k\u00f6nnen.<\/p>\n<\/div><\/div><\/div><\/div>\n\n\n\n<div style=\"height:40px\" aria-hidden=\"true\" class=\"wp-block-spacer\"><\/div>\n\n\n\n<div class=\"wp-block-group\"><div class=\"wp-block-group__inner-container is-layout-constrained wp-block-group-is-layout-constrained\">\n<h2 class=\"wp-block-heading\"><strong>Links und Quelle<\/strong><\/h2>\n\n\n\n<div style=\"height:10px\" aria-hidden=\"true\" class=\"wp-block-spacer\"><\/div>\n\n\n<div class=\"container\"><div class=\"row-gutenberg\">\n<p>TARGETSELECT SHOPPING France erlaubt Hyperlinks zu dieser Webseite auf jedem Datentr\u00e4ger, sofern der Tr\u00e4ger des besagten Links dem franz\u00f6sischen Recht entspricht und keine politischen, religi\u00f6sen, pornographischen, fremdenfeindlichen oder sittenwidrigen Informationen verbreitet. Auf Datentr\u00e4gern, die diese Bedingungen nicht einhalten, ist ein Link zu dieser Webseite untersagt.<\/p>\n<\/div><\/div>\n\n<div class=\"container\"><div class=\"row-gutenberg\">\n<p>TARGETSELECT SHOPPING France erlaubt die Zitierung der Seiten dieser Webseite, sofern die Quelle vermerkt und ein Link zu der entsprechenden Seite angelegt wird. Die Zitierung darf nur zu informativen Zwecken und nicht zu gewerblichen oder Werbezwecken genutzt werden.<\/p>\n<\/div><\/div><\/div><\/div>\n\n\n\n<div style=\"height:40px\" aria-hidden=\"true\" class=\"wp-block-spacer\"><\/div>\n\n\n\n<div class=\"wp-block-group\"><div class=\"wp-block-group__inner-container is-layout-constrained wp-block-group-is-layout-constrained\">\n<h2 class=\"wp-block-heading\"><strong>Haftung<\/strong><\/h2>\n\n\n\n<div style=\"height:10px\" aria-hidden=\"true\" class=\"wp-block-spacer\"><\/div>\n\n\n<div class=\"container\"><div class=\"row-gutenberg\">\n<p>Die vorliegende Webseite ist ein virtuelles Schaufenster mit der Absicht, die Aktivit\u00e4ten von TARGETSELECT SHOPPING France zu pr\u00e4sentieren. Es handelt sich nicht um eine Dienstleistung oder um einen Ratgeber f\u00fcr Internetnutzer.<\/p>\n<\/div><\/div>\n\n<div class=\"container\"><div class=\"row-gutenberg\">\n<p>TARGETSELECT SHOPPING France haftet nicht f\u00fcr Informationen, die auf welche Art auch immer auf der Webseite geliefert werden (insbesondere Irrt\u00fcmer, Unterlassungen oder gesetzeswidrige Nutzungen dieser Informationen). Diese Informationen werden im Rahmen einer einfachen Mittelverpflichtung geliefert.<\/p>\n<\/div><\/div>\n\n<div class=\"container\"><div class=\"row-gutenberg\">\n<p>Wenn ein Link auf dieser Webseite Internetnutzer mit einer anderen Webseite verlinkt, haftet TARGETSELECT SHOPPING France nicht f\u00fcr Informationen auf dieser anderen Webseite oder f\u00fcr Handlungen, Nichthandlungen, Unterlassungen oder Nachl\u00e4ssigkeiten dieser anderen Webseite.<\/p>\n<\/div><\/div>\n\n<div class=\"container\"><div class=\"row-gutenberg\">\n<p>Der Internetnutzer muss vor der Nutzung jeglicher Information alle \u00fcblichen Nachpr\u00fcfungen vornehmen.<\/p>\n<\/div><\/div><\/div><\/div>\n\n\n\n<div style=\"height:40px\" aria-hidden=\"true\" class=\"wp-block-spacer\"><\/div>\n\n\n\n<div class=\"wp-block-group\"><div class=\"wp-block-group__inner-container is-layout-constrained wp-block-group-is-layout-constrained\">\n<h2 class=\"wp-block-heading\"><strong>Nachweise<\/strong><\/h2>\n\n\n\n<div style=\"height:10px\" aria-hidden=\"true\" class=\"wp-block-spacer\"><\/div>\n\n\n<div class=\"container\"><div class=\"row-gutenberg\">\n<p>Bildnachweis: iStock \u2013 Envato \u2013 People Marketing \u2013 Idealice<\/p>\n<\/div><\/div>\n\n<div class=\"container\"><div class=\"row-gutenberg\">\n<p>Webseite erstellt durch die Digitalagentur : <a href=\"https:\/\/www.people-marketing.fr\/\" target=\"_blank\" rel=\"noreferrer noopener\">https:\/\/www.people-marketing.fr\/<\/a>.<\/p>\n<\/div><\/div><\/div><\/div>\n\n\n\n<div style=\"height:80px\" aria-hidden=\"true\" class=\"wp-block-spacer\"><\/div>\n<\/div>\n<\/div>\n<\/div><\/div>","protected":false},"excerpt":{"rendered":"<p>Herausgeber der webseite Die Webseite www.laubette.com wird herausgegeben von: Webhoster Die Webseite www.laubette.com wird gehostet von: Personenbezogene Daten Unter der nachstehenden Adresse k\u00f6nnen Sie sich anhand der Datenschutzpolitik der Webseite erkundigen, wie Ihre pers\u00f6nlichen Daten gesammelt und verarbeitet werden: www.laubette.com\/de\/datenschutzpolitik\/\/impressum-dsgvo Geistiges Eigentum Die vorliegende Webseite, die Markenbezeichnungen, Domainnamen, Datenbanken und s\u00e4mtliche Inhalte (insbesondere Texte, Grafiken, [&hellip;]<\/p>\n","protected":false},"author":1,"featured_media":0,"parent":0,"menu_order":0,"comment_status":"closed","ping_status":"closed","template":"","meta":{"_acf_changed":false,"footnotes":""},"class_list":["post-765","page","type-page","status-publish","hentry"],"acf":[],"yoast_head":"<!-- This site is optimized with the Yoast SEO plugin v27.4 - https:\/\/yoast.com\/product\/yoast-seo-wordpress\/ -->\n<title>Impressum \u2013 DSGVO - L&#039;Aubette Shopping<\/title>\n<meta name=\"robots\" content=\"index, follow, max-snippet:-1, max-image-preview:large, max-video-preview:-1\" \/>\n<link rel=\"canonical\" href=\"https:\/\/laubette.com\/de\/impressum-dsgvo\/\" \/>\n<meta property=\"og:locale\" content=\"de_DE\" \/>\n<meta property=\"og:type\" content=\"article\" \/>\n<meta property=\"og:title\" content=\"Impressum \u2013 DSGVO - L&#039;Aubette Shopping\" \/>\n<meta property=\"og:description\" content=\"Herausgeber der webseite Die Webseite www.laubette.com wird herausgegeben von: Webhoster Die Webseite www.laubette.com wird gehostet von: Personenbezogene Daten Unter der nachstehenden Adresse k\u00f6nnen Sie sich anhand der Datenschutzpolitik der Webseite erkundigen, wie Ihre pers\u00f6nlichen Daten gesammelt und verarbeitet werden: www.laubette.com\/de\/datenschutzpolitik\/\/impressum-dsgvo Geistiges Eigentum Die vorliegende Webseite, die Markenbezeichnungen, Domainnamen, Datenbanken und s\u00e4mtliche Inhalte (insbesondere Texte, Grafiken, [&hellip;]\" \/>\n<meta property=\"og:url\" content=\"https:\/\/laubette.com\/de\/impressum-dsgvo\/\" \/>\n<meta property=\"og:site_name\" content=\"L&#039;Aubette Shopping\" \/>\n<meta property=\"article:publisher\" content=\"https:\/\/www.facebook.com\/laubetteshopping\/\" \/>\n<meta property=\"article:modified_time\" content=\"2026-03-05T14:24:52+00:00\" \/>\n<meta name=\"twitter:card\" content=\"summary_large_image\" \/>\n<meta name=\"twitter:label1\" content=\"Gesch\u00e4tzte Lesezeit\" \/>\n\t<meta name=\"twitter:data1\" content=\"3\u00a0Minuten\" \/>\n<script type=\"application\/ld+json\" class=\"yoast-schema-graph\">{\"@context\":\"https:\\\/\\\/schema.org\",\"@graph\":[{\"@type\":\"WebPage\",\"@id\":\"https:\\\/\\\/laubette.com\\\/de\\\/impressum-dsgvo\\\/\",\"url\":\"https:\\\/\\\/laubette.com\\\/de\\\/impressum-dsgvo\\\/\",\"name\":\"Impressum \u2013 DSGVO - L&#039;Aubette Shopping\",\"isPartOf\":{\"@id\":\"https:\\\/\\\/laubette.com\\\/#website\"},\"datePublished\":\"2026-02-19T14:59:30+00:00\",\"dateModified\":\"2026-03-05T14:24:52+00:00\",\"breadcrumb\":{\"@id\":\"https:\\\/\\\/laubette.com\\\/de\\\/impressum-dsgvo\\\/#breadcrumb\"},\"inLanguage\":\"de\",\"potentialAction\":[{\"@type\":\"ReadAction\",\"target\":[\"https:\\\/\\\/laubette.com\\\/de\\\/impressum-dsgvo\\\/\"]}]},{\"@type\":\"BreadcrumbList\",\"@id\":\"https:\\\/\\\/laubette.com\\\/de\\\/impressum-dsgvo\\\/#breadcrumb\",\"itemListElement\":[{\"@type\":\"ListItem\",\"position\":1,\"name\":\"Accueil\",\"item\":\"https:\\\/\\\/laubette.com\\\/de\\\/\"},{\"@type\":\"ListItem\",\"position\":2,\"name\":\"Impressum \u2013 DSGVO\"}]},{\"@type\":\"WebSite\",\"@id\":\"https:\\\/\\\/laubette.com\\\/#website\",\"url\":\"https:\\\/\\\/laubette.com\\\/\",\"name\":\"L'Aubette\",\"description\":\"\",\"publisher\":{\"@id\":\"https:\\\/\\\/laubette.com\\\/#organization\"},\"potentialAction\":[{\"@type\":\"SearchAction\",\"target\":{\"@type\":\"EntryPoint\",\"urlTemplate\":\"https:\\\/\\\/laubette.com\\\/?s={search_term_string}\"},\"query-input\":{\"@type\":\"PropertyValueSpecification\",\"valueRequired\":true,\"valueName\":\"search_term_string\"}}],\"inLanguage\":\"de\"},{\"@type\":\"Organization\",\"@id\":\"https:\\\/\\\/laubette.com\\\/#organization\",\"name\":\"L'Aubette\",\"url\":\"https:\\\/\\\/laubette.com\\\/\",\"logo\":{\"@type\":\"ImageObject\",\"inLanguage\":\"de\",\"@id\":\"https:\\\/\\\/laubette.com\\\/#\\\/schema\\\/logo\\\/image\\\/\",\"url\":\"https:\\\/\\\/laubette.com\\\/wp-content\\\/uploads\\\/2026\\\/03\\\/logo-laubette.svg\",\"contentUrl\":\"https:\\\/\\\/laubette.com\\\/wp-content\\\/uploads\\\/2026\\\/03\\\/logo-laubette.svg\",\"width\":190,\"height\":106,\"caption\":\"L'Aubette\"},\"image\":{\"@id\":\"https:\\\/\\\/laubette.com\\\/#\\\/schema\\\/logo\\\/image\\\/\"},\"sameAs\":[\"https:\\\/\\\/www.facebook.com\\\/laubetteshopping\\\/\"]}]}<\/script>\n<!-- \/ Yoast SEO plugin. -->","yoast_head_json":{"title":"Impressum \u2013 DSGVO - L&#039;Aubette Shopping","robots":{"index":"index","follow":"follow","max-snippet":"max-snippet:-1","max-image-preview":"max-image-preview:large","max-video-preview":"max-video-preview:-1"},"canonical":"https:\/\/laubette.com\/de\/impressum-dsgvo\/","og_locale":"de_DE","og_type":"article","og_title":"Impressum \u2013 DSGVO - L&#039;Aubette Shopping","og_description":"Herausgeber der webseite Die Webseite www.laubette.com wird herausgegeben von: Webhoster Die Webseite www.laubette.com wird gehostet von: Personenbezogene Daten Unter der nachstehenden Adresse k\u00f6nnen Sie sich anhand der Datenschutzpolitik der Webseite erkundigen, wie Ihre pers\u00f6nlichen Daten gesammelt und verarbeitet werden: www.laubette.com\/de\/datenschutzpolitik\/\/impressum-dsgvo Geistiges Eigentum Die vorliegende Webseite, die Markenbezeichnungen, Domainnamen, Datenbanken und s\u00e4mtliche Inhalte (insbesondere Texte, Grafiken, [&hellip;]","og_url":"https:\/\/laubette.com\/de\/impressum-dsgvo\/","og_site_name":"L&#039;Aubette Shopping","article_publisher":"https:\/\/www.facebook.com\/laubetteshopping\/","article_modified_time":"2026-03-05T14:24:52+00:00","twitter_card":"summary_large_image","twitter_misc":{"Gesch\u00e4tzte Lesezeit":"3\u00a0Minuten"},"schema":{"@context":"https:\/\/schema.org","@graph":[{"@type":"WebPage","@id":"https:\/\/laubette.com\/de\/impressum-dsgvo\/","url":"https:\/\/laubette.com\/de\/impressum-dsgvo\/","name":"Impressum \u2013 DSGVO - L&#039;Aubette Shopping","isPartOf":{"@id":"https:\/\/laubette.com\/#website"},"datePublished":"2026-02-19T14:59:30+00:00","dateModified":"2026-03-05T14:24:52+00:00","breadcrumb":{"@id":"https:\/\/laubette.com\/de\/impressum-dsgvo\/#breadcrumb"},"inLanguage":"de","potentialAction":[{"@type":"ReadAction","target":["https:\/\/laubette.com\/de\/impressum-dsgvo\/"]}]},{"@type":"BreadcrumbList","@id":"https:\/\/laubette.com\/de\/impressum-dsgvo\/#breadcrumb","itemListElement":[{"@type":"ListItem","position":1,"name":"Accueil","item":"https:\/\/laubette.com\/de\/"},{"@type":"ListItem","position":2,"name":"Impressum \u2013 DSGVO"}]},{"@type":"WebSite","@id":"https:\/\/laubette.com\/#website","url":"https:\/\/laubette.com\/","name":"L'Aubette","description":"","publisher":{"@id":"https:\/\/laubette.com\/#organization"},"potentialAction":[{"@type":"SearchAction","target":{"@type":"EntryPoint","urlTemplate":"https:\/\/laubette.com\/?s={search_term_string}"},"query-input":{"@type":"PropertyValueSpecification","valueRequired":true,"valueName":"search_term_string"}}],"inLanguage":"de"},{"@type":"Organization","@id":"https:\/\/laubette.com\/#organization","name":"L'Aubette","url":"https:\/\/laubette.com\/","logo":{"@type":"ImageObject","inLanguage":"de","@id":"https:\/\/laubette.com\/#\/schema\/logo\/image\/","url":"https:\/\/laubette.com\/wp-content\/uploads\/2026\/03\/logo-laubette.svg","contentUrl":"https:\/\/laubette.com\/wp-content\/uploads\/2026\/03\/logo-laubette.svg","width":190,"height":106,"caption":"L'Aubette"},"image":{"@id":"https:\/\/laubette.com\/#\/schema\/logo\/image\/"},"sameAs":["https:\/\/www.facebook.com\/laubetteshopping\/"]}]}},"_links":{"self":[{"href":"https:\/\/laubette.com\/de\/wp-json\/wp\/v2\/pages\/765","targetHints":{"allow":["GET"]}}],"collection":[{"href":"https:\/\/laubette.com\/de\/wp-json\/wp\/v2\/pages"}],"about":[{"href":"https:\/\/laubette.com\/de\/wp-json\/wp\/v2\/types\/page"}],"author":[{"embeddable":true,"href":"https:\/\/laubette.com\/de\/wp-json\/wp\/v2\/users\/1"}],"replies":[{"embeddable":true,"href":"https:\/\/laubette.com\/de\/wp-json\/wp\/v2\/comments?post=765"}],"version-history":[{"count":3,"href":"https:\/\/laubette.com\/de\/wp-json\/wp\/v2\/pages\/765\/revisions"}],"predecessor-version":[{"id":913,"href":"https:\/\/laubette.com\/de\/wp-json\/wp\/v2\/pages\/765\/revisions\/913"}],"wp:attachment":[{"href":"https:\/\/laubette.com\/de\/wp-json\/wp\/v2\/media?parent=765"}],"curies":[{"name":"wp","href":"https:\/\/api.w.org\/{rel}","templated":true}]}}